{"id":72,"date":"2025-05-05T09:14:18","date_gmt":"2025-05-05T07:14:18","guid":{"rendered":"https:\/\/ia-demain.fr\/?page_id=72"},"modified":"2025-05-20T11:01:11","modified_gmt":"2025-05-20T09:01:11","slug":"lappel-urgent-a-laction-et-a-linvestissement","status":"publish","type":"page","link":"https:\/\/ia-demain.fr\/index.php\/lappel-urgent-a-laction-et-a-linvestissement\/","title":{"rendered":"L&#8217;Appel Urgent \u00e0 l&#8217;Action et \u00e0 l&#8217;Investissement"},"content":{"rendered":"<p style=\"text-align: justify;\">La pr\u00e9vention des chutes chez les personnes \u00e2g\u00e9es est un enjeu majeur de sant\u00e9 publique et \u00e9conomique. Il est urgent de concentrer les efforts et les investissements sur des strat\u00e9gies de pr\u00e9vention efficaces, afin de r\u00e9duire les co\u00fbts humains et financiers li\u00e9s \u00e0 ces accidents. Le Plan antichute constitue une avanc\u00e9e significative, mais sa r\u00e9ussite d\u00e9pendra de sa mise en \u0153uvre effective et de l&#8217;implication de tous les acteurs concern\u00e9s : pouvoirs publics, professionnels de sant\u00e9, collectivit\u00e9s territoriales, associations et citoyens.<\/p>\n<p style=\"text-align: justify;\"><strong>Il est imp\u00e9ratif d&#8217;innover dans les approches pr\u00e9ventives,<\/strong> en d\u00e9veloppant des solutions cr\u00e9atives et adapt\u00e9es aux besoins de chacun. Un axe essentiel est l&#8217;\u00e9quipement des domiciles pour favoriser la mobilit\u00e9 et r\u00e9duire les risques de chute, tout en veillant \u00e0 d\u00e9stigmatiser ces am\u00e9nagements. Il faut concevoir des aides techniques et des dispositifs de s\u00e9curit\u00e9 qui s&#8217;int\u00e8grent harmonieusement dans l&#8217;environnement de vie, en respectant la dignit\u00e9 et le bien-\u00eatre des personnes \u00e2g\u00e9es.<\/p>\n\n","protected":false},"excerpt":{"rendered":"<p>La pr\u00e9vention des chutes chez les personnes \u00e2g\u00e9es est un enjeu majeur de sant\u00e9 publique et \u00e9conomique. Il est urgent de concentrer les efforts et les investissements sur des strat\u00e9gies de pr\u00e9vention efficaces, afin de r\u00e9duire les co\u00fbts humains et financiers li\u00e9s \u00e0 ces accidents. Le Plan antichute constitue une avanc\u00e9e significative, mais sa r\u00e9ussite&hellip;<\/p>\n","protected":false},"author":1,"featured_media":227,"parent":0,"menu_order":0,"comment_status":"closed","ping_status":"closed","template":"","meta":{"om_disable_all_campaigns":false,"_monsterinsights_skip_tracking":false,"_monsterinsights_sitenote_active":false,"_monsterinsights_sitenote_note":"","_monsterinsights_sitenote_category":0,"footnotes":""},"class_list":["post-72","page","type-page","status-publish","has-post-thumbnail","hentry"],"aioseo_notices":[],"_links":{"self":[{"href":"https:\/\/ia-demain.fr\/index.php\/wp-json\/wp\/v2\/pages\/72","targetHints":{"allow":["GET"]}}],"collection":[{"href":"https:\/\/ia-demain.fr\/index.php\/wp-json\/wp\/v2\/pages"}],"about":[{"href":"https:\/\/ia-demain.fr\/index.php\/wp-json\/wp\/v2\/types\/page"}],"author":[{"embeddable":true,"href":"https:\/\/ia-demain.fr\/index.php\/wp-json\/wp\/v2\/users\/1"}],"replies":[{"embeddable":true,"href":"https:\/\/ia-demain.fr\/index.php\/wp-json\/wp\/v2\/comments?post=72"}],"version-history":[{"count":4,"href":"https:\/\/ia-demain.fr\/index.php\/wp-json\/wp\/v2\/pages\/72\/revisions"}],"predecessor-version":[{"id":172,"href":"https:\/\/ia-demain.fr\/index.php\/wp-json\/wp\/v2\/pages\/72\/revisions\/172"}],"wp:featuredmedia":[{"embeddable":true,"href":"https:\/\/ia-demain.fr\/index.php\/wp-json\/wp\/v2\/media\/227"}],"wp:attachment":[{"href":"https:\/\/ia-demain.fr\/index.php\/wp-json\/wp\/v2\/media?parent=72"}],"curies":[{"name":"wp","href":"https:\/\/api.w.org\/{rel}","templated":true}]}}