{"id":70,"date":"2025-05-05T09:12:03","date_gmt":"2025-05-05T07:12:03","guid":{"rendered":"https:\/\/ia-demain.fr\/?page_id=70"},"modified":"2025-05-05T17:35:28","modified_gmt":"2025-05-05T15:35:28","slug":"le-plan-antichute-une-strategie-prometteuse","status":"publish","type":"page","link":"https:\/\/ia-demain.fr\/index.php\/le-plan-antichute-une-strategie-prometteuse\/","title":{"rendered":"Le Plan Antichute ; Une Strat\u00e9gie Prometteuse"},"content":{"rendered":"<p style=\"text-align: justify;\">Le gouvernement fran\u00e7ais a lanc\u00e9 le Plan antichute des personnes \u00e2g\u00e9es, qui vise \u00e0 r\u00e9duire de 20% le nombre de chutes mortelles ou entra\u00eenant une hospitalisation chez les personnes de 65 ans et plus. Ce plan ambitieux s&#8217;articule autour de plusieurs axes, dont la sensibilisation aux risques de chute, l&#8217;am\u00e9nagement du logement, l&#8217;acc\u00e8s aux aides techniques, la promotion de l&#8217;activit\u00e9 physique et le recours \u00e0 la t\u00e9l\u00e9assistance. Sa mise en \u0153uvre effective est cruciale pour atteindre les objectifs fix\u00e9s et r\u00e9duire le fardeau des chutes.<\/p>\n","protected":false},"excerpt":{"rendered":"<p>Le gouvernement fran\u00e7ais a lanc\u00e9 le Plan antichute des personnes \u00e2g\u00e9es, qui vise \u00e0 r\u00e9duire de 20% le nombre de chutes mortelles ou entra\u00eenant une hospitalisation chez les personnes de 65 ans et plus. Ce plan ambitieux s&#8217;articule autour de plusieurs axes, dont la sensibilisation aux risques de chute, l&#8217;am\u00e9nagement du logement, l&#8217;acc\u00e8s aux aides&hellip;<\/p>\n","protected":false},"author":1,"featured_media":101,"parent":0,"menu_order":0,"comment_status":"closed","ping_status":"closed","template":"","meta":{"om_disable_all_campaigns":false,"_monsterinsights_skip_tracking":false,"_monsterinsights_sitenote_active":false,"_monsterinsights_sitenote_note":"","_monsterinsights_sitenote_category":0,"footnotes":""},"class_list":["post-70","page","type-page","status-publish","has-post-thumbnail","hentry"],"aioseo_notices":[],"_links":{"self":[{"href":"https:\/\/ia-demain.fr\/index.php\/wp-json\/wp\/v2\/pages\/70","targetHints":{"allow":["GET"]}}],"collection":[{"href":"https:\/\/ia-demain.fr\/index.php\/wp-json\/wp\/v2\/pages"}],"about":[{"href":"https:\/\/ia-demain.fr\/index.php\/wp-json\/wp\/v2\/types\/page"}],"author":[{"embeddable":true,"href":"https:\/\/ia-demain.fr\/index.php\/wp-json\/wp\/v2\/users\/1"}],"replies":[{"embeddable":true,"href":"https:\/\/ia-demain.fr\/index.php\/wp-json\/wp\/v2\/comments?post=70"}],"version-history":[{"count":2,"href":"https:\/\/ia-demain.fr\/index.php\/wp-json\/wp\/v2\/pages\/70\/revisions"}],"predecessor-version":[{"id":89,"href":"https:\/\/ia-demain.fr\/index.php\/wp-json\/wp\/v2\/pages\/70\/revisions\/89"}],"wp:featuredmedia":[{"embeddable":true,"href":"https:\/\/ia-demain.fr\/index.php\/wp-json\/wp\/v2\/media\/101"}],"wp:attachment":[{"href":"https:\/\/ia-demain.fr\/index.php\/wp-json\/wp\/v2\/media?parent=70"}],"curies":[{"name":"wp","href":"https:\/\/api.w.org\/{rel}","templated":true}]}}