{"id":66,"date":"2025-05-05T09:00:34","date_gmt":"2025-05-05T07:00:34","guid":{"rendered":"https:\/\/ia-demain.fr\/?page_id=66"},"modified":"2025-05-05T18:51:03","modified_gmt":"2025-05-05T16:51:03","slug":"lurgence-de-la-prevention","status":"publish","type":"page","link":"https:\/\/ia-demain.fr\/index.php\/lurgence-de-la-prevention\/","title":{"rendered":"L&#8217;Urgence de la Pr\u00e9vention"},"content":{"rendered":"<p style=\"text-align: justify;\">La Cour des comptes a soulign\u00e9 que les chutes des personnes \u00e2g\u00e9es repr\u00e9sentent un co\u00fbt annuel de <strong>2 milliards d&#8217;euros<\/strong> pour la soci\u00e9t\u00e9 fran\u00e7aise. <strong>Une part significative de ces d\u00e9penses, estim\u00e9e entre 15 et 30%, pourrait \u00eatre \u00e9vit\u00e9e par une pr\u00e9vention efficace.<\/strong> Les \u00e9valuations m\u00e9dicales et soci\u00e9tales convergent : les leviers d&#8217;action pour r\u00e9duire les chutes sont connus et disponibles, et des initiatives ont d\u00e9j\u00e0 prouv\u00e9 leur efficacit\u00e9. Il est donc temps d&#8217;investir massivement dans la pr\u00e9vention pour all\u00e9ger les co\u00fbts humains et financiers.<\/p>\n<p style=\"text-align: justify;\"><strong>Les chutes ont un impact financier consid\u00e9rable sur plusieurs niveaux :<\/strong><\/p>\n<ul style=\"text-align: justify;\">\n<li><b>Co\u00fbts pour l&#8217;\u00c9tat :<\/b> Les hospitalisations li\u00e9es aux chutes repr\u00e9sentent une charge importante pour le syst\u00e8me de sant\u00e9. Chaque ann\u00e9e, plus de 130 000 personnes \u00e2g\u00e9es sont hospitalis\u00e9es \u00e0 la suite d&#8217;une chute, ce qui engendre des d\u00e9penses consid\u00e9rables en termes de soins hospitaliers, de r\u00e9\u00e9ducation et de prise en charge \u00e0 long terme.\n<div class=\"container ng-tns-c2319288088-84 hide\">\n<div class=\"carousel-container ng-tns-c2319288088-84\">\n<div class=\"carousel-content ng-tns-c2319288088-84\">\n<div class=\"sources-carousel-source ng-tns-c2319288088-84 hide ng-star-inserted\" data-test-id=\"sources-carousel-source\"><\/div>\n<\/div>\n<\/div>\n<\/div>\n<\/li>\n<li><b>Co\u00fbts pour les Mutuelles et les Assurances :<\/b> Les chutes entra\u00eenent \u00e9galement des co\u00fbts importants pour les mutuelles et les assurances compl\u00e9mentaires sant\u00e9. La prise en charge des frais de sant\u00e9 li\u00e9s aux chutes, tels que les consultations m\u00e9dicales, les m\u00e9dicaments et les \u00e9quipements d&#8217;aide \u00e0 la mobilit\u00e9, repr\u00e9sente une part non n\u00e9gligeable de leurs d\u00e9penses.<\/li>\n<li><b>Co\u00fbts Indirects :<\/b> Il ne faut pas n\u00e9gliger les co\u00fbts indirects des chutes, tels que la perte d&#8217;autonomie, la diminution de la qualit\u00e9 de vie et la n\u00e9cessit\u00e9 d&#8217;une aide \u00e0 domicile ou d&#8217;un placement en \u00e9tablissement sp\u00e9cialis\u00e9. Ces cons\u00e9quences ont un impact \u00e9conomique sur les familles et sur la soci\u00e9t\u00e9 dans son ensemble.<\/li>\n<\/ul>\n<p style=\"text-align: justify;\"><b>Les B\u00e9n\u00e9fices de la Pr\u00e9vention :<\/b><\/p>\n<p style=\"text-align: justify;\">Investir dans la pr\u00e9vention des chutes permettrait de r\u00e9aliser des \u00e9conomies substantielles \u00e0 tous les niveaux. En r\u00e9duisant le nombre de chutes, on diminuerait les hospitalisations, les recours aux assurances et les co\u00fbts indirects li\u00e9s \u00e0 la perte d&#8217;autonomie. De plus, la pr\u00e9vention permettrait d&#8217;am\u00e9liorer la qualit\u00e9 de vie des personnes \u00e2g\u00e9es, de favoriser leur maintien \u00e0 domicile et de pr\u00e9server leur autonomie.<\/p>\n","protected":false},"excerpt":{"rendered":"<p>La Cour des comptes a soulign\u00e9 que les chutes des personnes \u00e2g\u00e9es repr\u00e9sentent un co\u00fbt annuel de 2 milliards d&#8217;euros pour la soci\u00e9t\u00e9 fran\u00e7aise. Une part significative de ces d\u00e9penses, estim\u00e9e entre 15 et 30%, pourrait \u00eatre \u00e9vit\u00e9e par une pr\u00e9vention efficace. Les \u00e9valuations m\u00e9dicales et soci\u00e9tales convergent : les leviers d&#8217;action pour r\u00e9duire les&hellip;<\/p>\n","protected":false},"author":1,"featured_media":102,"parent":0,"menu_order":0,"comment_status":"closed","ping_status":"closed","template":"","meta":{"om_disable_all_campaigns":false,"_monsterinsights_skip_tracking":false,"_monsterinsights_sitenote_active":false,"_monsterinsights_sitenote_note":"","_monsterinsights_sitenote_category":0,"footnotes":""},"class_list":["post-66","page","type-page","status-publish","has-post-thumbnail","hentry"],"aioseo_notices":[],"_links":{"self":[{"href":"https:\/\/ia-demain.fr\/index.php\/wp-json\/wp\/v2\/pages\/66","targetHints":{"allow":["GET"]}}],"collection":[{"href":"https:\/\/ia-demain.fr\/index.php\/wp-json\/wp\/v2\/pages"}],"about":[{"href":"https:\/\/ia-demain.fr\/index.php\/wp-json\/wp\/v2\/types\/page"}],"author":[{"embeddable":true,"href":"https:\/\/ia-demain.fr\/index.php\/wp-json\/wp\/v2\/users\/1"}],"replies":[{"embeddable":true,"href":"https:\/\/ia-demain.fr\/index.php\/wp-json\/wp\/v2\/comments?post=66"}],"version-history":[{"count":4,"href":"https:\/\/ia-demain.fr\/index.php\/wp-json\/wp\/v2\/pages\/66\/revisions"}],"predecessor-version":[{"id":92,"href":"https:\/\/ia-demain.fr\/index.php\/wp-json\/wp\/v2\/pages\/66\/revisions\/92"}],"wp:featuredmedia":[{"embeddable":true,"href":"https:\/\/ia-demain.fr\/index.php\/wp-json\/wp\/v2\/media\/102"}],"wp:attachment":[{"href":"https:\/\/ia-demain.fr\/index.php\/wp-json\/wp\/v2\/media?parent=66"}],"curies":[{"name":"wp","href":"https:\/\/api.w.org\/{rel}","templated":true}]}}