{"id":64,"date":"2025-05-05T08:57:43","date_gmt":"2025-05-05T06:57:43","guid":{"rendered":"https:\/\/ia-demain.fr\/?page_id=64"},"modified":"2025-05-05T15:55:55","modified_gmt":"2025-05-05T13:55:55","slug":"prevention-des-chutes-chez-les-personnes-agees-un-enjeu-de-sante-publique-et-economique","status":"publish","type":"page","link":"https:\/\/ia-demain.fr\/index.php\/prevention-des-chutes-chez-les-personnes-agees-un-enjeu-de-sante-publique-et-economique\/","title":{"rendered":"Pr\u00e9vention des Chutes chez les Personnes \u00c2g\u00e9es ; Un Enjeu de Sant\u00e9 Publique et \u00c9conomique"},"content":{"rendered":"<p style=\"text-align: justify;\">La France est confront\u00e9e \u00e0 un d\u00e9fi majeur de sant\u00e9 publique : les chutes chez les personnes \u00e2g\u00e9es. Avec <strong>2 millions de personnes<\/strong> de plus de 65 ans qui chutent chaque ann\u00e9e, ces accidents entra\u00eenent de graves cons\u00e9quences, dont plus de <strong>130 000 hospitalisations graves et 10 000 d\u00e9c\u00e8s annuels.<\/strong> Face \u00e0 ce constat alarmant, il est imp\u00e9ratif de r\u00e9orienter les efforts de la politique de sant\u00e9 vers la pr\u00e9vention, afin de r\u00e9duire significativement le fardeau humain et financier li\u00e9 aux chutes.<\/p>\n","protected":false},"excerpt":{"rendered":"<p>La France est confront\u00e9e \u00e0 un d\u00e9fi majeur de sant\u00e9 publique : les chutes chez les personnes \u00e2g\u00e9es. Avec 2 millions de personnes de plus de 65 ans qui chutent chaque ann\u00e9e, ces accidents entra\u00eenent de graves cons\u00e9quences, dont plus de 130 000 hospitalisations graves et 10 000 d\u00e9c\u00e8s annuels. Face \u00e0 ce constat alarmant,&hellip;<\/p>\n","protected":false},"author":1,"featured_media":98,"parent":0,"menu_order":0,"comment_status":"closed","ping_status":"closed","template":"","meta":{"om_disable_all_campaigns":false,"_monsterinsights_skip_tracking":false,"_monsterinsights_sitenote_active":false,"_monsterinsights_sitenote_note":"","_monsterinsights_sitenote_category":0,"footnotes":""},"class_list":["post-64","page","type-page","status-publish","has-post-thumbnail","hentry"],"aioseo_notices":[],"_links":{"self":[{"href":"https:\/\/ia-demain.fr\/index.php\/wp-json\/wp\/v2\/pages\/64","targetHints":{"allow":["GET"]}}],"collection":[{"href":"https:\/\/ia-demain.fr\/index.php\/wp-json\/wp\/v2\/pages"}],"about":[{"href":"https:\/\/ia-demain.fr\/index.php\/wp-json\/wp\/v2\/types\/page"}],"author":[{"embeddable":true,"href":"https:\/\/ia-demain.fr\/index.php\/wp-json\/wp\/v2\/users\/1"}],"replies":[{"embeddable":true,"href":"https:\/\/ia-demain.fr\/index.php\/wp-json\/wp\/v2\/comments?post=64"}],"version-history":[{"count":3,"href":"https:\/\/ia-demain.fr\/index.php\/wp-json\/wp\/v2\/pages\/64\/revisions"}],"predecessor-version":[{"id":97,"href":"https:\/\/ia-demain.fr\/index.php\/wp-json\/wp\/v2\/pages\/64\/revisions\/97"}],"wp:featuredmedia":[{"embeddable":true,"href":"https:\/\/ia-demain.fr\/index.php\/wp-json\/wp\/v2\/media\/98"}],"wp:attachment":[{"href":"https:\/\/ia-demain.fr\/index.php\/wp-json\/wp\/v2\/media?parent=64"}],"curies":[{"name":"wp","href":"https:\/\/api.w.org\/{rel}","templated":true}]}}