{"id":2,"date":"2025-05-03T08:49:31","date_gmt":"2025-05-03T06:49:31","guid":{"rendered":"http:\/\/ia-demain.fr\/?page_id=2"},"modified":"2025-05-20T10:30:23","modified_gmt":"2025-05-20T08:30:23","slug":"page-d-exemple","status":"publish","type":"page","link":"https:\/\/ia-demain.fr\/","title":{"rendered":"Notre vocation, agir comme catalyseur d&#8217;innovation"},"content":{"rendered":"\r\n<p style=\"text-align: justify;\">L&#8217;avenir de la pr\u00e9vention r\u00e9side dans notre capacit\u00e9 \u00e0 innover de mani\u00e8re int\u00e9gr\u00e9e et anticipatrice, en combinant les forces de la technologie, des sciences sociales et de la m\u00e9decine pour construire une soci\u00e9t\u00e9 plus saine et plus inclusive pour tous. Face au d\u00e9fi d\u00e9mographique majeur du vieillissement de la population \u00e0 l&#8217;horizon 2050, l&#8217;association <strong>&#8220;Innovation Autonomie, demain&#8221;<\/strong> a pour vocation d&#8217;agir comme catalyseur d&#8217;innovation pour le maintien \u00e0 domicile des personnes \u00e2g\u00e9es. Notre but principal est de favoriser l&#8217;innovation et le d\u00e9veloppement de solutions pr\u00e9ventives am\u00e9liorant la qualit\u00e9 de vie et le maintien \u00e0 domicile des seniors.<\/p>\r\n<p style=\"text-align: justify;\"><strong>Pour r\u00e9aliser cette vision, nous nous concentrons :<\/strong><\/p>\r\n<ul style=\"text-align: justify;\">\r\n<li>Int\u00e9grer la pr\u00e9vention physique, en d\u00e9veloppant des technologies et des am\u00e9nagements qui facilitent la mobilit\u00e9, qui pr\u00e9viennent les chutes (premi\u00e8re cause de mortalit\u00e9 des plus de 65 ans ), et favorisent un environnement de vie adapt\u00e9. \u00a0<\/li>\r\n<li>Associer la pr\u00e9vention sociale, en luttant contre l&#8217;isolement, en renfor\u00e7ant les liens sociaux et en proposant des services de soutien qui r\u00e9pondent aux besoins sp\u00e9cifiques des personnes \u00e2g\u00e9es.<\/li>\r\n<li>Utiliser l&#8217;anticipation gr\u00e2ce \u00e0 l&#8217;intelligence artificielle en exploitant les donn\u00e9es et les algorithmes pour pr\u00e9dire les risques, personnaliser les interventions et optimiser les parcours de sant\u00e9.<\/li>\r\n<\/ul>\r\n<p style=\"text-align: justify;\">En agissant comme un moteur d&#8217;innovation dans ces domaines, <strong>&#8220;Innovation Autonomie, demain&#8221;<\/strong> cherche \u00e0 cr\u00e9er un \u00e9cosyst\u00e8me o\u00f9 la technologie, les connaissances scientifiques et l&#8217;expertise sociale convergent pour offrir des solutions concr\u00e8tes et efficaces aux d\u00e9fis du vieillissement.<\/p>\r\n\r\n","protected":false},"excerpt":{"rendered":"<p>L&#8217;avenir de la pr\u00e9vention r\u00e9side dans notre capacit\u00e9 \u00e0 innover de mani\u00e8re int\u00e9gr\u00e9e et anticipatrice, en combinant les forces de la technologie, des sciences sociales et de la m\u00e9decine pour construire une soci\u00e9t\u00e9 plus saine et plus inclusive pour tous. Face au d\u00e9fi d\u00e9mographique majeur du vieillissement de la population \u00e0 l&#8217;horizon 2050, l&#8217;association &#8220;Innovation&hellip;<\/p>\n","protected":false},"author":1,"featured_media":225,"parent":0,"menu_order":0,"comment_status":"closed","ping_status":"open","template":"","meta":{"om_disable_all_campaigns":false,"_monsterinsights_skip_tracking":false,"_monsterinsights_sitenote_active":false,"_monsterinsights_sitenote_note":"","_monsterinsights_sitenote_category":0,"footnotes":""},"class_list":["post-2","page","type-page","status-publish","has-post-thumbnail","hentry"],"aioseo_notices":[],"_links":{"self":[{"href":"https:\/\/ia-demain.fr\/index.php\/wp-json\/wp\/v2\/pages\/2","targetHints":{"allow":["GET"]}}],"collection":[{"href":"https:\/\/ia-demain.fr\/index.php\/wp-json\/wp\/v2\/pages"}],"about":[{"href":"https:\/\/ia-demain.fr\/index.php\/wp-json\/wp\/v2\/types\/page"}],"author":[{"embeddable":true,"href":"https:\/\/ia-demain.fr\/index.php\/wp-json\/wp\/v2\/users\/1"}],"replies":[{"embeddable":true,"href":"https:\/\/ia-demain.fr\/index.php\/wp-json\/wp\/v2\/comments?post=2"}],"version-history":[{"count":7,"href":"https:\/\/ia-demain.fr\/index.php\/wp-json\/wp\/v2\/pages\/2\/revisions"}],"predecessor-version":[{"id":63,"href":"https:\/\/ia-demain.fr\/index.php\/wp-json\/wp\/v2\/pages\/2\/revisions\/63"}],"wp:featuredmedia":[{"embeddable":true,"href":"https:\/\/ia-demain.fr\/index.php\/wp-json\/wp\/v2\/media\/225"}],"wp:attachment":[{"href":"https:\/\/ia-demain.fr\/index.php\/wp-json\/wp\/v2\/media?parent=2"}],"curies":[{"name":"wp","href":"https:\/\/api.w.org\/{rel}","templated":true}]}}