{"id":161,"date":"2025-05-19T20:01:29","date_gmt":"2025-05-19T18:01:29","guid":{"rendered":"https:\/\/ia-demain.fr\/?page_id=161"},"modified":"2025-05-28T17:34:12","modified_gmt":"2025-05-28T15:34:12","slug":"espace-donateur","status":"publish","type":"page","link":"https:\/\/ia-demain.fr\/index.php\/espace-donateur\/","title":{"rendered":"Espace donateur"},"content":{"rendered":"<form action=\"https:\/\/www.paypal.com\/donate\" method=\"post\" target=\"_top\">\n<h2 style=\"text-align: left;\"><strong>Chaque jour, une vie \u00e0 s\u00e9curiser. Faites un don pour IA DEMAIN.<\/strong><\/h2>\n<blockquote>\n<p style=\"text-align: justify;\">Imaginez un instant : le bruit d&#8217;une chute. Ce son, si anodin pour certains, est le cauchemar de milliers de familles. Chaque ann\u00e9e en France, les chutes \u00e0 domicile sont la premi\u00e8re cause de mortalit\u00e9 accidentelle chez nos a\u00een\u00e9s. Elles brisent des vies, volent l&#8217;autonomie et forcent trop souvent un d\u00e9part d\u00e9chirant du foyer.<\/p>\n<p>Mais il y a une solution. <strong style=\"text-align: justify; font-size: 16px;\">Notre action est simple, mais vitale :<\/strong><span style=\"text-align: justify; font-size: 16px;\"> Nous cherchons \u00e0 d\u00e9velopper des <\/span><strong style=\"text-align: justify; font-size: 16px;\">aides techniques pr\u00e9ventifs de nouvelle g\u00e9n\u00e9ration, non stigmatisantes.<\/strong><span style=\"text-align: justify; font-size: 16px;\"> Ce sont des dispositifs intelligents, discrets, qui veillent sur nos proches sans \u00eatre intrusifs<\/span><\/p><\/blockquote>\n<h3 style=\"text-align: left;\" data-sourcepos=\"21:1-21:213\">Une solution que nous, <strong>IA DEMAIN,<\/strong> mettons en \u0153uvre aujourd&#8217;hui<\/h3>\n<div class=\"su-divider su-divider-style-default\" style=\"margin:15px 0;border-width:3px;border-color:#999999\"><a href=\"#\" style=\"color:#999999\">Aller en haut<\/a><\/div>\n<blockquote><p>Maitrisez votre don gr\u00e2ce \u00e0 notre outil en ligne qui vous fera une simulation du don que vous pourriez nous consentir. C&#8217;est simple et intuitif, munissez vous de vos r\u00e9f\u00e9rences de votre imp\u00f4t sur les revenus.<\/p>\n<p>Cliquez sur ce bouton pour faire votre simulation.<\/p><\/blockquote>\n<a href=\"https:\/\/ia-demain.fr\/simulateuriademain.html\" class=\"su-button su-button-style-3d\" style=\"color:#080000;background-color:#43ef2d;border-color:#36c024;border-radius:66px\" target=\"_blank\" rel=\"noopener noreferrer\"><span style=\"color:#080000;padding:9px 30px;font-size:22px;line-height:33px;border-color:#7cf46c;border-radius:66px;text-shadow:1px 1px 1px #000000\"><i class=\"sui sui-calculator\" style=\"font-size:22px;color:#140101\"><\/i> Simuler votre Don<\/span><\/a>\n<div class=\"su-divider su-divider-style-default\" style=\"margin:15px 0;border-width:3px;border-color:#999999\"><a href=\"#\" style=\"color:#999999\">Aller en haut<\/a><\/div>\n<\/form>\n<form action=\"https:\/\/www.paypal.com\/donate\" method=\"post\" target=\"_top\"><input name=\"hosted_button_id\" type=\"hidden\" value=\"PW6L8DF7Z46ZG\" \/><\/p>\n<div class=\"su-tabs su-tabs-style-default su-tabs-mobile-scroll su-tabs-vertical\" data-active=\"2\" data-scroll-offset=\"0\" data-anchor-in-url=\"no\"><div class=\"su-tabs-nav\"><span class=\"\" data-url=\"\" data-target=\"blank\" tabindex=\"0\" role=\"button\">PAYPAL<\/span><span class=\"\" data-url=\"\" data-target=\"blank\" tabindex=\"0\" role=\"button\">HELLOASSO<\/span><\/div><div class=\"su-tabs-panes\"><div class=\"su-tabs-pane su-u-clearfix su-u-trim\" data-title=\"PAYPAL\"><input title=\"PayPal - Faire un don en ligne avec PAYPAL!\" alt=\"Bouton Faites un don avec PayPal\" name=\"submit\" src=\"https:\/\/pics.paypal.com\/00\/s\/NTlmNDg4MTEtOGRjNy00OTViLWJkNGYtMzA1MTBmMGIzNTdl\/file.JPG\" type=\"image\" \/> <img loading=\"lazy\" decoding=\"async\" src=\"https:\/\/www.paypal.com\/fr_FR\/i\/scr\/pixel.gif\" alt=\"\" width=\"1\" height=\"1\" border=\"0\" \/> <\/div>\n<div class=\"su-tabs-pane su-u-clearfix su-u-trim\" data-title=\"HELLOASSO\"><a href=\"https:\/\/www.helloasso.com\/associations\/innovation-autonomie-demain\/formulaires\/1\" class=\"su-button su-button-style-3d\" style=\"color:#FFFFFF;background-color:#2D89EF;border-color:#246ec0;border-radius:45px\" target=\"_blank\" rel=\"noopener noreferrer\"><span style=\"color:#FFFFFF;padding:7px 22px;font-size:17px;line-height:26px;border-color:#6cadf4;border-radius:45px;text-shadow:none\"><i class=\"sui sui-user\" style=\"font-size:17px;color:#FFFFFF\"><\/i> Faire un Don, depuis HelloAsso<\/span><\/a><\/div><\/div><\/div>\n<p>&nbsp;<\/p>\n<\/form>\n","protected":false},"excerpt":{"rendered":"<p>Chaque jour, une vie \u00e0 s\u00e9curiser. Faites un don pour IA DEMAIN. Imaginez un instant : le bruit d&#8217;une chute. Ce son, si anodin pour certains, est le cauchemar de milliers de familles. Chaque ann\u00e9e en France, les chutes \u00e0 domicile sont la premi\u00e8re cause de mortalit\u00e9 accidentelle chez nos a\u00een\u00e9s. Elles brisent des vies,&hellip;<\/p>\n","protected":false},"author":1,"featured_media":226,"parent":0,"menu_order":0,"comment_status":"closed","ping_status":"closed","template":"","meta":{"om_disable_all_campaigns":false,"_monsterinsights_skip_tracking":false,"_monsterinsights_sitenote_active":false,"_monsterinsights_sitenote_note":"","_monsterinsights_sitenote_category":0,"footnotes":""},"class_list":["post-161","page","type-page","status-publish","has-post-thumbnail","hentry"],"aioseo_notices":[],"_links":{"self":[{"href":"https:\/\/ia-demain.fr\/index.php\/wp-json\/wp\/v2\/pages\/161","targetHints":{"allow":["GET"]}}],"collection":[{"href":"https:\/\/ia-demain.fr\/index.php\/wp-json\/wp\/v2\/pages"}],"about":[{"href":"https:\/\/ia-demain.fr\/index.php\/wp-json\/wp\/v2\/types\/page"}],"author":[{"embeddable":true,"href":"https:\/\/ia-demain.fr\/index.php\/wp-json\/wp\/v2\/users\/1"}],"replies":[{"embeddable":true,"href":"https:\/\/ia-demain.fr\/index.php\/wp-json\/wp\/v2\/comments?post=161"}],"version-history":[{"count":56,"href":"https:\/\/ia-demain.fr\/index.php\/wp-json\/wp\/v2\/pages\/161\/revisions"}],"predecessor-version":[{"id":184,"href":"https:\/\/ia-demain.fr\/index.php\/wp-json\/wp\/v2\/pages\/161\/revisions\/184"}],"wp:featuredmedia":[{"embeddable":true,"href":"https:\/\/ia-demain.fr\/index.php\/wp-json\/wp\/v2\/media\/226"}],"wp:attachment":[{"href":"https:\/\/ia-demain.fr\/index.php\/wp-json\/wp\/v2\/media?parent=161"}],"curies":[{"name":"wp","href":"https:\/\/api.w.org\/{rel}","templated":true}]}}