{"id":110,"date":"2025-05-06T09:16:59","date_gmt":"2025-05-06T07:16:59","guid":{"rendered":"https:\/\/ia-demain.fr\/?page_id=110"},"modified":"2025-05-13T09:10:51","modified_gmt":"2025-05-13T07:10:51","slug":"mentions-legales","status":"publish","type":"page","link":"https:\/\/ia-demain.fr\/index.php\/mentions-legales\/","title":{"rendered":"Mentions l\u00e9gales"},"content":{"rendered":"<p>Mentions l\u00e9gales &#8211; Innovation Autonomie Demain ( I A, DEMAIN )<\/p>\n<p>SIRET : 944 203 702 00013 \/ RNA W243010207<\/p>\n<p>Ce site est \u00e9dit\u00e9 et publi\u00e9 par l&#8217;association au 130 route d&#8217;Agonac &#8211; 24750 Champcevinel<\/p>\n<p>Directeur de la publication : Fr\u00e9d\u00e9ric FRATINI &#8211; 1er dirigeant b\u00e9n\u00e9vole de l&#8217;association<\/p>\n<p>H\u00e9bergeur : OVH<br \/>\n2 rue Kellermann &#8211; 59100 Roubaix &#8211; France<br \/>\nhttps:\/\/www.ovh.com<\/p>\n<p>Propri\u00e9t\u00e9 intellectuelle<br \/>\nLa charte graphique du site a \u00e9t\u00e9 cr\u00e9\u00e9e par l&#8217;association.<br \/>\nTous les \u00e9l\u00e9ments graphiques, la structure, le design, les contenus sont prot\u00e9g\u00e9s par le droit d&#8217;auteur. Chaque nouveau membre \u00e0 son adh\u00e9sion reconnais \u00eatre en accord avec cette clause de confidentialit\u00e9 et de non concurrence.<\/p>\n<p>La reproduction d\u2019une page du site <strong>www.ia-demain.fr<\/strong> ou l\u2019insertion d\u2019une page appartenant \u00e0 <strong>www.ia-demain.fr<\/strong> dans la page d\u2019un autre site est strictement interdite. De m\u00eame, toute reproduction ou repr\u00e9sentation du site en partie ou en totalit\u00e9 est interdite et constituerait une contrefa\u00e7on sanctionn\u00e9e par les articles L. 335-2 et suivants du Code de la Propri\u00e9t\u00e9 Intellectuelle.<\/p>\n<p>Les textes, graphismes, dessins, logos, photos, vid\u00e9os montages ont \u00e9t\u00e9 cr\u00e9es de toutes pi\u00e8ces par son \u00e9diteur qui deviennent par le fait des \u0153uvres prot\u00e9g\u00e9es et qui ne peuvent pas faire l&#8217;objet d&#8217;une reproduction sur un support papier ou un support \u00e9lectronique, m\u00eame par une copie \u00e9cran.<\/p>\n","protected":false},"excerpt":{"rendered":"<p>Mentions l\u00e9gales &#8211; Innovation Autonomie Demain ( I A, DEMAIN ) SIRET : 944 203 702 00013 \/ RNA W243010207 Ce site est \u00e9dit\u00e9 et publi\u00e9 par l&#8217;association au 130 route d&#8217;Agonac &#8211; 24750 Champcevinel Directeur de la publication : Fr\u00e9d\u00e9ric FRATINI &#8211; 1er dirigeant b\u00e9n\u00e9vole de l&#8217;association H\u00e9bergeur : OVH 2 rue Kellermann &#8211;&hellip;<\/p>\n","protected":false},"author":1,"featured_media":122,"parent":0,"menu_order":0,"comment_status":"closed","ping_status":"closed","template":"","meta":{"om_disable_all_campaigns":false,"_monsterinsights_skip_tracking":false,"_monsterinsights_sitenote_active":false,"_monsterinsights_sitenote_note":"","_monsterinsights_sitenote_category":0,"footnotes":""},"class_list":["post-110","page","type-page","status-publish","has-post-thumbnail","hentry"],"aioseo_notices":[],"_links":{"self":[{"href":"https:\/\/ia-demain.fr\/index.php\/wp-json\/wp\/v2\/pages\/110","targetHints":{"allow":["GET"]}}],"collection":[{"href":"https:\/\/ia-demain.fr\/index.php\/wp-json\/wp\/v2\/pages"}],"about":[{"href":"https:\/\/ia-demain.fr\/index.php\/wp-json\/wp\/v2\/types\/page"}],"author":[{"embeddable":true,"href":"https:\/\/ia-demain.fr\/index.php\/wp-json\/wp\/v2\/users\/1"}],"replies":[{"embeddable":true,"href":"https:\/\/ia-demain.fr\/index.php\/wp-json\/wp\/v2\/comments?post=110"}],"version-history":[{"count":3,"href":"https:\/\/ia-demain.fr\/index.php\/wp-json\/wp\/v2\/pages\/110\/revisions"}],"predecessor-version":[{"id":126,"href":"https:\/\/ia-demain.fr\/index.php\/wp-json\/wp\/v2\/pages\/110\/revisions\/126"}],"wp:featuredmedia":[{"embeddable":true,"href":"https:\/\/ia-demain.fr\/index.php\/wp-json\/wp\/v2\/media\/122"}],"wp:attachment":[{"href":"https:\/\/ia-demain.fr\/index.php\/wp-json\/wp\/v2\/media?parent=110"}],"curies":[{"name":"wp","href":"https:\/\/api.w.org\/{rel}","templated":true}]}}